{"id":53,"date":"2023-08-02T20:36:41","date_gmt":"2023-08-02T18:36:41","guid":{"rendered":"http:\/\/wozek.gamma-medica.pl\/?page_id=53"},"modified":"2023-12-20T15:48:01","modified_gmt":"2023-12-20T14:48:01","slug":"o-nas","status":"publish","type":"page","link":"https:\/\/wozek.gamma-medica.pl\/index.php\/o-nas\/","title":{"rendered":"O nas"},"content":{"rendered":"\n<figure class=\"wp-block-gallery has-nested-images columns-default is-cropped wp-block-gallery-1 is-layout-flex wp-block-gallery-is-layout-flex\">\n<figure class=\"wp-block-image size-large\"><img fetchpriority=\"high\" decoding=\"async\" width=\"1024\" height=\"201\" data-id=\"112\" src=\"http:\/\/wozek.gamma-medica.pl\/wp-content\/uploads\/2023\/08\/Zrzut-ekranu-2023-08-3-o-12.07.54-1024x201.png\" alt=\"\" class=\"wp-image-112\" srcset=\"https:\/\/wozek.gamma-medica.pl\/wp-content\/uploads\/2023\/08\/Zrzut-ekranu-2023-08-3-o-12.07.54-1024x201.png 1024w, https:\/\/wozek.gamma-medica.pl\/wp-content\/uploads\/2023\/08\/Zrzut-ekranu-2023-08-3-o-12.07.54-300x59.png 300w, https:\/\/wozek.gamma-medica.pl\/wp-content\/uploads\/2023\/08\/Zrzut-ekranu-2023-08-3-o-12.07.54-768x151.png 768w, https:\/\/wozek.gamma-medica.pl\/wp-content\/uploads\/2023\/08\/Zrzut-ekranu-2023-08-3-o-12.07.54.png 1430w\" sizes=\"(max-width: 1024px) 100vw, 1024px\" \/><\/figure>\n<\/figure>\n\n\n\n<p><strong>Jeste\u015bmy grup\u0105 pasjonat\u00f3w,&nbsp;<\/strong>kt\u00f3rych po\u0142\u0105czy\u0142a ch\u0119\u0107 pomocy innym.<\/p>\n\n\n\n<p><strong>Stworzyli\u015bmy przyjazne miejsce<\/strong>, w kt\u00f3rym pacjenci b\u0119d\u0105 mogli \u0142atwo i szybko zaopatrzy\u0107 si\u0119 w sprz\u0119t najwy\u017cszej jako\u015bci. Bez czekania i zb\u0119dnych formalno\u015bci, poniewa\u017c w przypadku s\u0142u\u017cby zdrowia, wyd\u0142u\u017canie procesu leczenia dzia\u0142a wyj\u0105tkowo niekorzystnie, a w szczeg\u00f3lno\u015bci dla os\u00f3b cierpi\u0105cych.<\/p>\n\n\n\n<p><strong>W ten spos\u00f3b powsta\u0142a GammaMedica<\/strong>&nbsp;\u2013 firma, kt\u00f3rej priorytetem jest zaproponowanie Klientom nowoczesnych rozwi\u0105za\u0144 i prezentowanie mo\u017cliwo\u015bci wsp\u00f3\u0142czesnego sprz\u0119tu medycznego. Naszym celem jest pe\u0142na satysfakcja pacjenta.<\/p>\n\n\n\n<figure class=\"wp-block-gallery has-nested-images columns-default is-cropped wp-block-gallery-2 is-layout-flex wp-block-gallery-is-layout-flex\">\n<figure class=\"wp-block-image\"><img decoding=\"async\" src=\"http:\/\/wozek.gamma-medica.pl\/wp-content\/uploads\/2023\/08\/Zrzut-ekranu-2023-08-3-o-12.09.52.png\" alt=\"Obrazek posiada pusty atrybut alt; plik o nazwie Zrzut-ekranu-2023-08-3-o-12.09.52.png\"\/><\/figure>\n\n\n\n<figure class=\"wp-block-image size-large\"><img decoding=\"async\" width=\"1024\" height=\"1024\" data-id=\"26\" src=\"http:\/\/wozek.gamma-medica.pl\/wp-content\/uploads\/2023\/08\/mobile_file_2021-08-26_10-38-38-1-1-1024x1024.jpeg\" alt=\"\" class=\"wp-image-26\" srcset=\"https:\/\/wozek.gamma-medica.pl\/wp-content\/uploads\/2023\/08\/mobile_file_2021-08-26_10-38-38-1-1-1024x1024.jpeg 1024w, https:\/\/wozek.gamma-medica.pl\/wp-content\/uploads\/2023\/08\/mobile_file_2021-08-26_10-38-38-1-1-300x300.jpeg 300w, https:\/\/wozek.gamma-medica.pl\/wp-content\/uploads\/2023\/08\/mobile_file_2021-08-26_10-38-38-1-1-150x150.jpeg 150w, https:\/\/wozek.gamma-medica.pl\/wp-content\/uploads\/2023\/08\/mobile_file_2021-08-26_10-38-38-1-1-768x768.jpeg 768w, https:\/\/wozek.gamma-medica.pl\/wp-content\/uploads\/2023\/08\/mobile_file_2021-08-26_10-38-38-1-1.jpeg 1080w\" sizes=\"(max-width: 1024px) 100vw, 1024px\" \/><\/figure>\n<\/figure>\n\n\n\n<div class=\"wp-block-columns is-layout-flex wp-container-core-columns-is-layout-28f84493 wp-block-columns-is-layout-flex\">\n<div class=\"wp-block-column is-layout-flow wp-block-column-is-layout-flow\" style=\"flex-basis:100%\"><\/div>\n<\/div>\n","protected":false},"excerpt":{"rendered":"<p>Jeste\u015bmy grup\u0105 pasjonat\u00f3w,&nbsp;kt\u00f3rych po\u0142\u0105czy\u0142a ch\u0119\u0107 pomocy innym. Stworzyli\u015bmy przyjazne miejsce, w kt\u00f3rym pacjenci b\u0119d\u0105 mogli \u0142atwo i szybko zaopatrzy\u0107 si\u0119 w sprz\u0119t najwy\u017cszej jako\u015bci. Bez czekania i zb\u0119dnych formalno\u015bci, poniewa\u017c w przypadku s\u0142u\u017cby zdrowia, wyd\u0142u\u017canie procesu leczenia dzia\u0142a wyj\u0105tkowo niekorzystnie, a w szczeg\u00f3lno\u015bci dla os\u00f3b cierpi\u0105cych. W ten spos\u00f3b powsta\u0142a GammaMedica&nbsp;\u2013 firma, kt\u00f3rej priorytetem jest [&hellip;]<\/p>\n","protected":false},"author":1,"featured_media":0,"parent":0,"menu_order":0,"comment_status":"closed","ping_status":"closed","template":"","meta":{"_monsterinsights_skip_tracking":false,"_monsterinsights_sitenote_active":false,"_monsterinsights_sitenote_note":"","_monsterinsights_sitenote_category":0,"footnotes":""},"class_list":["post-53","page","type-page","status-publish","hentry"],"yoast_head":"<!-- This site is optimized with the Yoast SEO plugin v27.3 - https:\/\/yoast.com\/product\/yoast-seo-wordpress\/ -->\n<title>O nas - W\u00f3zek inwalidzki- Gamma Medica<\/title>\n<meta name=\"robots\" content=\"noindex, nofollow\" \/>\n<meta property=\"og:locale\" content=\"pl_PL\" \/>\n<meta property=\"og:type\" content=\"article\" \/>\n<meta property=\"og:title\" content=\"O nas - W\u00f3zek inwalidzki- Gamma Medica\" \/>\n<meta property=\"og:description\" content=\"Jeste\u015bmy grup\u0105 pasjonat\u00f3w,&nbsp;kt\u00f3rych po\u0142\u0105czy\u0142a ch\u0119\u0107 pomocy innym. Stworzyli\u015bmy przyjazne miejsce, w kt\u00f3rym pacjenci b\u0119d\u0105 mogli \u0142atwo i szybko zaopatrzy\u0107 si\u0119 w sprz\u0119t najwy\u017cszej jako\u015bci. Bez czekania i zb\u0119dnych formalno\u015bci, poniewa\u017c w przypadku s\u0142u\u017cby zdrowia, wyd\u0142u\u017canie procesu leczenia dzia\u0142a wyj\u0105tkowo niekorzystnie, a w szczeg\u00f3lno\u015bci dla os\u00f3b cierpi\u0105cych. W ten spos\u00f3b powsta\u0142a GammaMedica&nbsp;\u2013 firma, kt\u00f3rej priorytetem jest [&hellip;]\" \/>\n<meta property=\"og:url\" content=\"https:\/\/wozek.gamma-medica.pl\/index.php\/o-nas\/\" \/>\n<meta property=\"og:site_name\" content=\"W\u00f3zek inwalidzki- Gamma Medica\" \/>\n<meta property=\"article:modified_time\" content=\"2023-12-20T14:48:01+00:00\" \/>\n<meta property=\"og:image\" content=\"http:\/\/wozek.gamma-medica.pl\/wp-content\/uploads\/2023\/08\/Zrzut-ekranu-2023-08-3-o-12.07.54-1024x201.png\" \/>\n<meta name=\"twitter:card\" content=\"summary_large_image\" \/>\n<meta name=\"twitter:label1\" content=\"Szacowany czas czytania\" \/>\n\t<meta name=\"twitter:data1\" content=\"2 minuty\" \/>\n<script type=\"application\/ld+json\" class=\"yoast-schema-graph\">{\"@context\":\"https:\\\/\\\/schema.org\",\"@graph\":[{\"@type\":\"WebPage\",\"@id\":\"https:\\\/\\\/wozek.gamma-medica.pl\\\/index.php\\\/o-nas\\\/\",\"url\":\"https:\\\/\\\/wozek.gamma-medica.pl\\\/index.php\\\/o-nas\\\/\",\"name\":\"O nas - W\u00f3zek inwalidzki- Gamma Medica\",\"isPartOf\":{\"@id\":\"https:\\\/\\\/wozek.gamma-medica.pl\\\/#website\"},\"primaryImageOfPage\":{\"@id\":\"https:\\\/\\\/wozek.gamma-medica.pl\\\/index.php\\\/o-nas\\\/#primaryimage\"},\"image\":{\"@id\":\"https:\\\/\\\/wozek.gamma-medica.pl\\\/index.php\\\/o-nas\\\/#primaryimage\"},\"thumbnailUrl\":\"http:\\\/\\\/wozek.gamma-medica.pl\\\/wp-content\\\/uploads\\\/2023\\\/08\\\/Zrzut-ekranu-2023-08-3-o-12.07.54-1024x201.png\",\"datePublished\":\"2023-08-02T18:36:41+00:00\",\"dateModified\":\"2023-12-20T14:48:01+00:00\",\"breadcrumb\":{\"@id\":\"https:\\\/\\\/wozek.gamma-medica.pl\\\/index.php\\\/o-nas\\\/#breadcrumb\"},\"inLanguage\":\"pl-PL\",\"potentialAction\":[{\"@type\":\"ReadAction\",\"target\":[\"https:\\\/\\\/wozek.gamma-medica.pl\\\/index.php\\\/o-nas\\\/\"]}]},{\"@type\":\"ImageObject\",\"inLanguage\":\"pl-PL\",\"@id\":\"https:\\\/\\\/wozek.gamma-medica.pl\\\/index.php\\\/o-nas\\\/#primaryimage\",\"url\":\"http:\\\/\\\/wozek.gamma-medica.pl\\\/wp-content\\\/uploads\\\/2023\\\/08\\\/Zrzut-ekranu-2023-08-3-o-12.07.54-1024x201.png\",\"contentUrl\":\"http:\\\/\\\/wozek.gamma-medica.pl\\\/wp-content\\\/uploads\\\/2023\\\/08\\\/Zrzut-ekranu-2023-08-3-o-12.07.54-1024x201.png\"},{\"@type\":\"BreadcrumbList\",\"@id\":\"https:\\\/\\\/wozek.gamma-medica.pl\\\/index.php\\\/o-nas\\\/#breadcrumb\",\"itemListElement\":[{\"@type\":\"ListItem\",\"position\":1,\"name\":\"Strona g\u0142\u00f3wna\",\"item\":\"https:\\\/\\\/wozek.gamma-medica.pl\\\/\"},{\"@type\":\"ListItem\",\"position\":2,\"name\":\"O nas\"}]},{\"@type\":\"WebSite\",\"@id\":\"https:\\\/\\\/wozek.gamma-medica.pl\\\/#website\",\"url\":\"https:\\\/\\\/wozek.gamma-medica.pl\\\/\",\"name\":\"W\u00f3zek inwalidzki- Gamma Medica\",\"description\":\"\",\"potentialAction\":[{\"@type\":\"SearchAction\",\"target\":{\"@type\":\"EntryPoint\",\"urlTemplate\":\"https:\\\/\\\/wozek.gamma-medica.pl\\\/?s={search_term_string}\"},\"query-input\":{\"@type\":\"PropertyValueSpecification\",\"valueRequired\":true,\"valueName\":\"search_term_string\"}}],\"inLanguage\":\"pl-PL\"}]}<\/script>\n<!-- \/ Yoast SEO plugin. -->","yoast_head_json":{"title":"O nas - W\u00f3zek inwalidzki- Gamma Medica","robots":{"index":"noindex","follow":"nofollow"},"og_locale":"pl_PL","og_type":"article","og_title":"O nas - W\u00f3zek inwalidzki- Gamma Medica","og_description":"Jeste\u015bmy grup\u0105 pasjonat\u00f3w,&nbsp;kt\u00f3rych po\u0142\u0105czy\u0142a ch\u0119\u0107 pomocy innym. Stworzyli\u015bmy przyjazne miejsce, w kt\u00f3rym pacjenci b\u0119d\u0105 mogli \u0142atwo i szybko zaopatrzy\u0107 si\u0119 w sprz\u0119t najwy\u017cszej jako\u015bci. Bez czekania i zb\u0119dnych formalno\u015bci, poniewa\u017c w przypadku s\u0142u\u017cby zdrowia, wyd\u0142u\u017canie procesu leczenia dzia\u0142a wyj\u0105tkowo niekorzystnie, a w szczeg\u00f3lno\u015bci dla os\u00f3b cierpi\u0105cych. W ten spos\u00f3b powsta\u0142a GammaMedica&nbsp;\u2013 firma, kt\u00f3rej priorytetem jest [&hellip;]","og_url":"https:\/\/wozek.gamma-medica.pl\/index.php\/o-nas\/","og_site_name":"W\u00f3zek inwalidzki- Gamma Medica","article_modified_time":"2023-12-20T14:48:01+00:00","og_image":[{"url":"http:\/\/wozek.gamma-medica.pl\/wp-content\/uploads\/2023\/08\/Zrzut-ekranu-2023-08-3-o-12.07.54-1024x201.png","type":"","width":"","height":""}],"twitter_card":"summary_large_image","twitter_misc":{"Szacowany czas czytania":"2 minuty"},"schema":{"@context":"https:\/\/schema.org","@graph":[{"@type":"WebPage","@id":"https:\/\/wozek.gamma-medica.pl\/index.php\/o-nas\/","url":"https:\/\/wozek.gamma-medica.pl\/index.php\/o-nas\/","name":"O nas - W\u00f3zek inwalidzki- Gamma Medica","isPartOf":{"@id":"https:\/\/wozek.gamma-medica.pl\/#website"},"primaryImageOfPage":{"@id":"https:\/\/wozek.gamma-medica.pl\/index.php\/o-nas\/#primaryimage"},"image":{"@id":"https:\/\/wozek.gamma-medica.pl\/index.php\/o-nas\/#primaryimage"},"thumbnailUrl":"http:\/\/wozek.gamma-medica.pl\/wp-content\/uploads\/2023\/08\/Zrzut-ekranu-2023-08-3-o-12.07.54-1024x201.png","datePublished":"2023-08-02T18:36:41+00:00","dateModified":"2023-12-20T14:48:01+00:00","breadcrumb":{"@id":"https:\/\/wozek.gamma-medica.pl\/index.php\/o-nas\/#breadcrumb"},"inLanguage":"pl-PL","potentialAction":[{"@type":"ReadAction","target":["https:\/\/wozek.gamma-medica.pl\/index.php\/o-nas\/"]}]},{"@type":"ImageObject","inLanguage":"pl-PL","@id":"https:\/\/wozek.gamma-medica.pl\/index.php\/o-nas\/#primaryimage","url":"http:\/\/wozek.gamma-medica.pl\/wp-content\/uploads\/2023\/08\/Zrzut-ekranu-2023-08-3-o-12.07.54-1024x201.png","contentUrl":"http:\/\/wozek.gamma-medica.pl\/wp-content\/uploads\/2023\/08\/Zrzut-ekranu-2023-08-3-o-12.07.54-1024x201.png"},{"@type":"BreadcrumbList","@id":"https:\/\/wozek.gamma-medica.pl\/index.php\/o-nas\/#breadcrumb","itemListElement":[{"@type":"ListItem","position":1,"name":"Strona g\u0142\u00f3wna","item":"https:\/\/wozek.gamma-medica.pl\/"},{"@type":"ListItem","position":2,"name":"O nas"}]},{"@type":"WebSite","@id":"https:\/\/wozek.gamma-medica.pl\/#website","url":"https:\/\/wozek.gamma-medica.pl\/","name":"W\u00f3zek inwalidzki- Gamma Medica","description":"","potentialAction":[{"@type":"SearchAction","target":{"@type":"EntryPoint","urlTemplate":"https:\/\/wozek.gamma-medica.pl\/?s={search_term_string}"},"query-input":{"@type":"PropertyValueSpecification","valueRequired":true,"valueName":"search_term_string"}}],"inLanguage":"pl-PL"}]}},"_links":{"self":[{"href":"https:\/\/wozek.gamma-medica.pl\/index.php\/wp-json\/wp\/v2\/pages\/53","targetHints":{"allow":["GET"]}}],"collection":[{"href":"https:\/\/wozek.gamma-medica.pl\/index.php\/wp-json\/wp\/v2\/pages"}],"about":[{"href":"https:\/\/wozek.gamma-medica.pl\/index.php\/wp-json\/wp\/v2\/types\/page"}],"author":[{"embeddable":true,"href":"https:\/\/wozek.gamma-medica.pl\/index.php\/wp-json\/wp\/v2\/users\/1"}],"replies":[{"embeddable":true,"href":"https:\/\/wozek.gamma-medica.pl\/index.php\/wp-json\/wp\/v2\/comments?post=53"}],"version-history":[{"count":5,"href":"https:\/\/wozek.gamma-medica.pl\/index.php\/wp-json\/wp\/v2\/pages\/53\/revisions"}],"predecessor-version":[{"id":144,"href":"https:\/\/wozek.gamma-medica.pl\/index.php\/wp-json\/wp\/v2\/pages\/53\/revisions\/144"}],"wp:attachment":[{"href":"https:\/\/wozek.gamma-medica.pl\/index.php\/wp-json\/wp\/v2\/media?parent=53"}],"curies":[{"name":"wp","href":"https:\/\/api.w.org\/{rel}","templated":true}]}}